{"id":32113,"date":"2026-01-06T13:03:50","date_gmt":"2026-01-06T11:03:50","guid":{"rendered":"https:\/\/kiandra.hu\/targonca\/?page_id=32113"},"modified":"2026-01-06T14:25:05","modified_gmt":"2026-01-06T12:25:05","slug":"gdpr","status":"publish","type":"page","link":"https:\/\/kiandra.hu\/targonca\/gdpr\/","title":{"rendered":"Adatkezel\u00e9si t\u00e1j\u00e9koztat\u00f3"},"content":{"rendered":"<p>[vc_row margin_bottom=&#8221;10&#8243;][vc_column][vc_column_text]<!--StartFragment --><\/p>\n<p><strong>1. Az adatkezel\u0151 adatai<\/strong><\/p>\n<p>Az adatkezel\u0151: <strong>Kiandra Targo Kft.<\/strong><br \/>\nSz\u00e9khely: <em>2316 T\u00f6k\u00f6l, Cs\u00e9pi \u00fat 2644\/9 hrsz.<\/em><br \/>\nC\u00e9gjegyz\u00e9ksz\u00e1m: <em>[sz\u00e1m]<\/em><br \/>\nAd\u00f3sz\u00e1m: <em>[sz\u00e1m]<\/em><br \/>\nE-mail: kiandra@kiandra.hu<br \/>\nTelefon: <em>+36 20 329 53 09<\/em><\/p>\n<p>Az adatkezel\u0151 a szem\u00e9lyes adatokat az (EU) 2016\/679 rendelet (GDPR) el\u0151\u00edr\u00e1sai szerint kezeli.<\/p>\n<p>A rendelet el\u00e9rhet\u0151:<br \/>\n<a href=\"https:\/\/eur-lex.europa.eu\/legal-content\/HU\/TXT\/?uri=CELEX%3A32016R0679\">https:\/\/eur-lex.europa.eu\/legal-content\/HU\/TXT\/?uri=CELEX%3A32016R0679<\/a><\/p>\n<p>&nbsp;<\/p>\n<p><strong>2. A kezelt szem\u00e9lyes adatok k\u00f6re<\/strong><\/p>\n<p>A kiandra.hu\/targonca oldalon t\u00f6rt\u00e9n\u0151 kapcsolatfelv\u00e9tel, aj\u00e1nlatk\u00e9r\u00e9s vagy szolg\u00e1ltat\u00e1s ig\u00e9nybev\u00e9tele sor\u00e1n az al\u00e1bbi adatok kezel\u00e9se t\u00f6rt\u00e9nhet:<\/p>\n<ul>\n<li>n\u00e9v<\/li>\n<li>e-mail c\u00edm<\/li>\n<li>telefonsz\u00e1m<\/li>\n<li>c\u00e9g neve (opcion\u00e1lis)<\/li>\n<li>az \u00fczenet tartalma<\/li>\n<li>IP-c\u00edm, technikai adatok, cookie-azonos\u00edt\u00f3k<\/li>\n<\/ul>\n<p>&nbsp;<\/p>\n<p><strong>3. Az adatkezel\u00e9s c\u00e9lja \u00e9s jogalapja<\/strong><\/p>\n<p><strong>3.1. Kapcsolattart\u00e1s \u00e9s aj\u00e1nlatk\u00e9r\u00e9sek kezel\u00e9se<\/strong><\/p>\n<p>C\u00e9l: \u00e9rdekl\u0151d\u00e9sek megv\u00e1laszol\u00e1sa, aj\u00e1nlatok k\u00e9sz\u00edt\u00e9se<br \/>\nJogalap: szerz\u0151d\u00e9s el\u0151k\u00e9sz\u00edt\u00e9se \u2013 GDPR 6. cikk (1) b)<br \/>\nLink: <a href=\"https:\/\/eur-lex.europa.eu\/legal-content\/HU\/TXT\/?uri=CELEX%3A32016R0679#d1e1882-1-1\">https:\/\/eur-lex.europa.eu\/legal-content\/HU\/TXT\/?uri=CELEX%3A32016R0679#d1e1882-1-1<\/a><\/p>\n<p><strong>3.2. Szolg\u00e1ltat\u00e1s teljes\u00edt\u00e9se<\/strong><\/p>\n<p>C\u00e9l: megrendel\u00e9sek teljes\u00edt\u00e9se, g\u00e9pek b\u00e9rbead\u00e1sa, szolg\u00e1ltat\u00e1sok ny\u00fajt\u00e1sa<br \/>\nJogalap: szerz\u0151d\u00e9s teljes\u00edt\u00e9se \u2013 GDPR 6. cikk (1) b)<br \/>\nLink: <a href=\"https:\/\/eur-lex.europa.eu\/legal-content\/HU\/TXT\/?uri=CELEX%3A32016R0679#d1e1882-1-1\">https:\/\/eur-lex.europa.eu\/legal-content\/HU\/TXT\/?uri=CELEX%3A32016R0679#d1e1882-1-1<\/a><\/p>\n<p><strong>3.3. Sz\u00e1ml\u00e1z\u00e1s \u00e9s jogi k\u00f6telezetts\u00e9gek teljes\u00edt\u00e9se<\/strong><\/p>\n<p>C\u00e9l: sz\u00e1ml\u00e1z\u00e1s, k\u00f6nyvel\u00e9si \u00e9s ad\u00f3z\u00e1si k\u00f6telezetts\u00e9gek teljes\u00edt\u00e9se<br \/>\nJogalap: jogi k\u00f6telezetts\u00e9g teljes\u00edt\u00e9se \u2013 GDPR 6. cikk (1) c)<br \/>\nLink: <a href=\"https:\/\/eur-lex.europa.eu\/legal-content\/HU\/TXT\/?uri=CELEX%3A32016R0679#d1e1882-1-1\">https:\/\/eur-lex.europa.eu\/legal-content\/HU\/TXT\/?uri=CELEX%3A32016R0679#d1e1882-1-1<\/a><\/p>\n<p><strong>3.4. A weboldal m\u0171k\u00f6d\u00e9s\u00e9nek biztos\u00edt\u00e1sa \u00e9s informatikai biztons\u00e1g<\/strong><\/p>\n<p>C\u00e9l: a honlap stabil \u00e9s biztons\u00e1gos m\u0171k\u00f6d\u00e9s\u00e9nek fenntart\u00e1sa, statisztikai elemz\u00e9sek<br \/>\nJogalap: az adatkezel\u0151 jogos \u00e9rdeke \u2013 GDPR 6. cikk (1) f)<br \/>\nLink: <a href=\"https:\/\/eur-lex.europa.eu\/legal-content\/HU\/TXT\/?uri=CELEX%3A32016R0679#d1e1882-1-1\">https:\/\/eur-lex.europa.eu\/legal-content\/HU\/TXT\/?uri=CELEX%3A32016R0679#d1e1882-1-1<\/a><\/p>\n<p>&nbsp;<\/p>\n<p><strong>4. Adatmeg\u0151rz\u00e9si id\u0151<\/strong><\/p>\n<ul>\n<li>Aj\u00e1nlatk\u00e9r\u00e9sek adatai: 12 h\u00f3nap<\/li>\n<li>Szerz\u0151d\u00e9ses \u00e9s sz\u00e1ml\u00e1z\u00e1si adatok: 8 \u00e9v<\/li>\n<li>Cookie-k: a b\u00f6ng\u00e9sz\u0151 be\u00e1ll\u00edt\u00e1sait\u00f3l f\u00fcgg\u0151en<\/li>\n<li>Technikai napl\u00f3k: legfeljebb 1 \u00e9v<\/li>\n<\/ul>\n<p>&nbsp;<\/p>\n<p><strong>5. Adattov\u00e1bb\u00edt\u00e1s \u00e9s adatfeldolgoz\u00f3k<\/strong><\/p>\n<p>A szem\u00e9lyes adatokhoz kiz\u00e1r\u00f3lag a szolg\u00e1ltat\u00e1s teljes\u00edt\u00e9s\u00e9hez sz\u00fcks\u00e9ges m\u00e9rt\u00e9kben f\u00e9rhetnek hozz\u00e1:<\/p>\n<ul>\n<li>k\u00f6nyvel\u0151 vagy k\u00f6nyvel\u0151iroda<\/li>\n<li>t\u00e1rhelyszolg\u00e1ltat\u00f3: <em>WebHostIcon.hu<\/em><\/li>\n<li>e-mail szolg\u00e1ltat\u00f3<\/li>\n<li>sz\u00e1ml\u00e1z\u00f3 rendszer: SAP<\/li>\n<\/ul>\n<p>A szem\u00e9lyes adatok harmadik orsz\u00e1gba nem ker\u00fclnek tov\u00e1bb\u00edt\u00e1sra.<\/p>\n<p>&nbsp;<\/p>\n<p><strong>6. Az \u00e9rintettek jogai<\/strong><\/p>\n<p>Az \u00e9rintett k\u00e9relmezheti:<\/p>\n<ul>\n<li>a szem\u00e9lyes adatokhoz val\u00f3 hozz\u00e1f\u00e9r\u00e9st<\/li>\n<li>a szem\u00e9lyes adatok helyesb\u00edt\u00e9s\u00e9t<\/li>\n<li>a szem\u00e9lyes adatok t\u00f6rl\u00e9s\u00e9t<\/li>\n<li>az adatkezel\u00e9s korl\u00e1toz\u00e1s\u00e1t<\/li>\n<li>az adathordozhat\u00f3s\u00e1got<\/li>\n<li>tiltakozhat a jogos \u00e9rdek alapj\u00e1n v\u00e9gzett adatkezel\u00e9s ellen<\/li>\n<\/ul>\n<p>A k\u00e9relmeket az info@kiandra.hu e-mail c\u00edmen lehet beny\u00fajtani.<br \/>\nAz adatkezel\u0151 a k\u00e9relmekre legk\u00e9s\u0151bb 30 napon bel\u00fcl v\u00e1laszol.<\/p>\n<p>&nbsp;<\/p>\n<p><strong>7. Jogorvoslati lehet\u0151s\u00e9gek<\/strong><\/p>\n<p>Amennyiben az \u00e9rintett \u00fagy v\u00e9li, hogy az adatkezel\u00e9s nem felel meg a jogszab\u00e1lyoknak, panasszal \u00e9lhet:<\/p>\n<p>Nemzeti Adatv\u00e9delmi \u00e9s Inform\u00e1ci\u00f3szabads\u00e1g Hat\u00f3s\u00e1g (NAIH)<br \/>\n1055 Budapest, Falk Miksa utca 9\u201311.<br \/>\n<a href=\"https:\/\/www.naih.hu\/\">https:\/\/www.naih.hu<\/a><\/p>\n<p>&nbsp;<\/p>\n<p><strong>8. Cookie-k haszn\u00e1lata<\/strong><\/p>\n<p>A weboldal m\u0171k\u00f6d\u00e9s\u00e9hez \u00e9s fejleszt\u00e9s\u00e9hez cookie-kat alkalmazunk.<br \/>\nA cookie-k t\u00edpusai:<\/p>\n<ul>\n<li>elengedhetetlen (m\u0171k\u00f6d\u00e9shez sz\u00fcks\u00e9ges) cookie-k<\/li>\n<li>analitikai cookie-k (pl. Google Analytics \u2013 amennyiben haszn\u00e1latban van)<\/li>\n<li>funkcion\u00e1lis cookie-k<\/li>\n<\/ul>\n<p>A cookie-k kezel\u00e9s\u00e9r\u0151l a felhaszn\u00e1l\u00f3 a saj\u00e1t b\u00f6ng\u00e9sz\u0151j\u00e9ben rendelkezhet.<\/p>\n<p>&nbsp;<\/p>\n<p><strong>9. A t\u00e1j\u00e9koztat\u00f3 m\u00f3dos\u00edt\u00e1sa<\/strong><\/p>\n<p>A Kiandra Targo Kft. fenntartja a jogot az adatkezel\u00e9si t\u00e1j\u00e9koztat\u00f3 m\u00f3dos\u00edt\u00e1s\u00e1ra.<br \/>\nA m\u00f3dos\u00edt\u00e1s a honlapon val\u00f3 k\u00f6zz\u00e9t\u00e9tellel l\u00e9p hat\u00e1lyba.<\/p>\n<p>&nbsp;<\/p>\n<p>&nbsp;<\/p>\n<p><!--EndFragment -->FRISS\u00cdTVE: 2026.01.06.[\/vc_column_text][vc_column_text]<\/p>\n<h4 style=\"text-align: center;\"><\/h4>\n<p>[\/vc_column_text][\/vc_column][\/vc_row]<\/p>\n","protected":false},"excerpt":{"rendered":"<p>[vc_row margin_bottom=&#8221;10&#8243;][vc_column][vc_column_text] 1. Az adatkezel\u0151 adatai Az adatkezel\u0151: Kiandra Targo Kft. Sz\u00e9khely: 2316 T\u00f6k\u00f6l, Cs\u00e9pi \u00fat 2644\/9 hrsz. C\u00e9gjegyz\u00e9ksz\u00e1m: [sz\u00e1m] Ad\u00f3sz\u00e1m: [sz\u00e1m] E-mail: kiandra@kiandra.hu Telefon: +36 20 329 53 09 Az adatkezel\u0151 a szem\u00e9lyes adatokat az (EU) 2016\/679 rendelet (GDPR) el\u0151\u00edr\u00e1sai szerint kezeli. A rendelet el\u00e9rhet\u0151: https:\/\/eur-lex.europa.eu\/legal-content\/HU\/TXT\/?uri=CELEX%3A32016R0679 &nbsp; 2. A kezelt szem\u00e9lyes adatok k\u00f6re A&hellip;<\/p>\n","protected":false},"author":1,"featured_media":0,"parent":0,"menu_order":10,"comment_status":"closed","ping_status":"closed","template":"","meta":{"footnotes":""},"class_list":["post-32113","page","type-page","status-publish","hentry","description-off"],"yoast_head":"<!-- This site is optimized with the Yoast SEO plugin v26.8 - https:\/\/yoast.com\/product\/yoast-seo-wordpress\/ -->\n<title>Adatkezel\u00e9si t\u00e1j\u00e9koztat\u00f3 - KIANDRA<\/title>\n<meta name=\"robots\" content=\"index, follow, max-snippet:-1, max-image-preview:large, max-video-preview:-1\" \/>\n<link rel=\"canonical\" href=\"https:\/\/kiandra.hu\/targonca\/gdpr\/\" \/>\n<meta property=\"og:locale\" content=\"hu_HU\" \/>\n<meta property=\"og:type\" content=\"article\" \/>\n<meta property=\"og:title\" content=\"Adatkezel\u00e9si t\u00e1j\u00e9koztat\u00f3 - KIANDRA\" \/>\n<meta property=\"og:description\" content=\"[vc_row margin_bottom=&#8221;10&#8243;][vc_column][vc_column_text] 1. Az adatkezel\u0151 adatai Az adatkezel\u0151: Kiandra Targo Kft. Sz\u00e9khely: 2316 T\u00f6k\u00f6l, Cs\u00e9pi \u00fat 2644\/9 hrsz. C\u00e9gjegyz\u00e9ksz\u00e1m: [sz\u00e1m] Ad\u00f3sz\u00e1m: [sz\u00e1m] E-mail: kiandra@kiandra.hu Telefon: +36 20 329 53 09 Az adatkezel\u0151 a szem\u00e9lyes adatokat az (EU) 2016\/679 rendelet (GDPR) el\u0151\u00edr\u00e1sai szerint kezeli. A rendelet el\u00e9rhet\u0151: https:\/\/eur-lex.europa.eu\/legal-content\/HU\/TXT\/?uri=CELEX%3A32016R0679 &nbsp; 2. A kezelt szem\u00e9lyes adatok k\u00f6re A&hellip;\" \/>\n<meta property=\"og:url\" content=\"https:\/\/kiandra.hu\/targonca\/gdpr\/\" \/>\n<meta property=\"og:site_name\" content=\"KIANDRA\" \/>\n<meta property=\"article:publisher\" content=\"https:\/\/www.facebook.com\/profile.php?id=100068873117705\" \/>\n<meta property=\"article:modified_time\" content=\"2026-01-06T12:25:05+00:00\" \/>\n<meta name=\"twitter:card\" content=\"summary_large_image\" \/>\n<meta name=\"twitter:label1\" content=\"Becs\u00fclt olvas\u00e1si id\u0151\" \/>\n\t<meta name=\"twitter:data1\" content=\"3 perc\" \/>\n<script type=\"application\/ld+json\" class=\"yoast-schema-graph\">{\"@context\":\"https:\/\/schema.org\",\"@graph\":[{\"@type\":\"WebPage\",\"@id\":\"https:\/\/kiandra.hu\/targonca\/gdpr\/\",\"url\":\"https:\/\/kiandra.hu\/targonca\/gdpr\/\",\"name\":\"Adatkezel\u00e9si t\u00e1j\u00e9koztat\u00f3 - KIANDRA\",\"isPartOf\":{\"@id\":\"https:\/\/kiandra.hu\/targonca\/#website\"},\"datePublished\":\"2026-01-06T11:03:50+00:00\",\"dateModified\":\"2026-01-06T12:25:05+00:00\",\"breadcrumb\":{\"@id\":\"https:\/\/kiandra.hu\/targonca\/gdpr\/#breadcrumb\"},\"inLanguage\":\"hu\",\"potentialAction\":[{\"@type\":\"ReadAction\",\"target\":[\"https:\/\/kiandra.hu\/targonca\/gdpr\/\"]}]},{\"@type\":\"BreadcrumbList\",\"@id\":\"https:\/\/kiandra.hu\/targonca\/gdpr\/#breadcrumb\",\"itemListElement\":[{\"@type\":\"ListItem\",\"position\":1,\"name\":\"F\u0151oldal\",\"item\":\"https:\/\/kiandra.hu\/targonca\/\"},{\"@type\":\"ListItem\",\"position\":2,\"name\":\"Adatkezel\u00e9si t\u00e1j\u00e9koztat\u00f3\"}]},{\"@type\":\"WebSite\",\"@id\":\"https:\/\/kiandra.hu\/targonca\/#website\",\"url\":\"https:\/\/kiandra.hu\/targonca\/\",\"name\":\"KIANDRA\",\"description\":\"Targonca b\u00e9rl\u00e9s, szerviz, alkatr\u00e9szb\u00e1zis\",\"publisher\":{\"@id\":\"https:\/\/kiandra.hu\/targonca\/#organization\"},\"potentialAction\":[{\"@type\":\"SearchAction\",\"target\":{\"@type\":\"EntryPoint\",\"urlTemplate\":\"https:\/\/kiandra.hu\/targonca\/?s={search_term_string}\"},\"query-input\":{\"@type\":\"PropertyValueSpecification\",\"valueRequired\":true,\"valueName\":\"search_term_string\"}}],\"inLanguage\":\"hu\"},{\"@type\":\"Organization\",\"@id\":\"https:\/\/kiandra.hu\/targonca\/#organization\",\"name\":\"Kiandra Targo Kft.\",\"url\":\"https:\/\/kiandra.hu\/targonca\/\",\"logo\":{\"@type\":\"ImageObject\",\"inLanguage\":\"hu\",\"@id\":\"https:\/\/kiandra.hu\/targonca\/#\/schema\/logo\/image\/\",\"url\":\"https:\/\/kiandra.hu\/targonca\/wp-content\/uploads\/2016\/09\/kiandra_logo_big.png\",\"contentUrl\":\"https:\/\/kiandra.hu\/targonca\/wp-content\/uploads\/2016\/09\/kiandra_logo_big.png\",\"width\":701,\"height\":397,\"caption\":\"Kiandra Targo Kft.\"},\"image\":{\"@id\":\"https:\/\/kiandra.hu\/targonca\/#\/schema\/logo\/image\/\"},\"sameAs\":[\"https:\/\/www.facebook.com\/profile.php?id=100068873117705\",\"https:\/\/www.instagram.com\/kiandra_targo\/\",\"https:\/\/www.youtube.com\/@kiandratargokft\"]}]}<\/script>\n<!-- \/ Yoast SEO plugin. -->","yoast_head_json":{"title":"Adatkezel\u00e9si t\u00e1j\u00e9koztat\u00f3 - KIANDRA","robots":{"index":"index","follow":"follow","max-snippet":"max-snippet:-1","max-image-preview":"max-image-preview:large","max-video-preview":"max-video-preview:-1"},"canonical":"https:\/\/kiandra.hu\/targonca\/gdpr\/","og_locale":"hu_HU","og_type":"article","og_title":"Adatkezel\u00e9si t\u00e1j\u00e9koztat\u00f3 - KIANDRA","og_description":"[vc_row margin_bottom=&#8221;10&#8243;][vc_column][vc_column_text] 1. Az adatkezel\u0151 adatai Az adatkezel\u0151: Kiandra Targo Kft. Sz\u00e9khely: 2316 T\u00f6k\u00f6l, Cs\u00e9pi \u00fat 2644\/9 hrsz. C\u00e9gjegyz\u00e9ksz\u00e1m: [sz\u00e1m] Ad\u00f3sz\u00e1m: [sz\u00e1m] E-mail: kiandra@kiandra.hu Telefon: +36 20 329 53 09 Az adatkezel\u0151 a szem\u00e9lyes adatokat az (EU) 2016\/679 rendelet (GDPR) el\u0151\u00edr\u00e1sai szerint kezeli. A rendelet el\u00e9rhet\u0151: https:\/\/eur-lex.europa.eu\/legal-content\/HU\/TXT\/?uri=CELEX%3A32016R0679 &nbsp; 2. A kezelt szem\u00e9lyes adatok k\u00f6re A&hellip;","og_url":"https:\/\/kiandra.hu\/targonca\/gdpr\/","og_site_name":"KIANDRA","article_publisher":"https:\/\/www.facebook.com\/profile.php?id=100068873117705","article_modified_time":"2026-01-06T12:25:05+00:00","twitter_card":"summary_large_image","twitter_misc":{"Becs\u00fclt olvas\u00e1si id\u0151":"3 perc"},"schema":{"@context":"https:\/\/schema.org","@graph":[{"@type":"WebPage","@id":"https:\/\/kiandra.hu\/targonca\/gdpr\/","url":"https:\/\/kiandra.hu\/targonca\/gdpr\/","name":"Adatkezel\u00e9si t\u00e1j\u00e9koztat\u00f3 - KIANDRA","isPartOf":{"@id":"https:\/\/kiandra.hu\/targonca\/#website"},"datePublished":"2026-01-06T11:03:50+00:00","dateModified":"2026-01-06T12:25:05+00:00","breadcrumb":{"@id":"https:\/\/kiandra.hu\/targonca\/gdpr\/#breadcrumb"},"inLanguage":"hu","potentialAction":[{"@type":"ReadAction","target":["https:\/\/kiandra.hu\/targonca\/gdpr\/"]}]},{"@type":"BreadcrumbList","@id":"https:\/\/kiandra.hu\/targonca\/gdpr\/#breadcrumb","itemListElement":[{"@type":"ListItem","position":1,"name":"F\u0151oldal","item":"https:\/\/kiandra.hu\/targonca\/"},{"@type":"ListItem","position":2,"name":"Adatkezel\u00e9si t\u00e1j\u00e9koztat\u00f3"}]},{"@type":"WebSite","@id":"https:\/\/kiandra.hu\/targonca\/#website","url":"https:\/\/kiandra.hu\/targonca\/","name":"KIANDRA","description":"Targonca b\u00e9rl\u00e9s, szerviz, alkatr\u00e9szb\u00e1zis","publisher":{"@id":"https:\/\/kiandra.hu\/targonca\/#organization"},"potentialAction":[{"@type":"SearchAction","target":{"@type":"EntryPoint","urlTemplate":"https:\/\/kiandra.hu\/targonca\/?s={search_term_string}"},"query-input":{"@type":"PropertyValueSpecification","valueRequired":true,"valueName":"search_term_string"}}],"inLanguage":"hu"},{"@type":"Organization","@id":"https:\/\/kiandra.hu\/targonca\/#organization","name":"Kiandra Targo Kft.","url":"https:\/\/kiandra.hu\/targonca\/","logo":{"@type":"ImageObject","inLanguage":"hu","@id":"https:\/\/kiandra.hu\/targonca\/#\/schema\/logo\/image\/","url":"https:\/\/kiandra.hu\/targonca\/wp-content\/uploads\/2016\/09\/kiandra_logo_big.png","contentUrl":"https:\/\/kiandra.hu\/targonca\/wp-content\/uploads\/2016\/09\/kiandra_logo_big.png","width":701,"height":397,"caption":"Kiandra Targo Kft."},"image":{"@id":"https:\/\/kiandra.hu\/targonca\/#\/schema\/logo\/image\/"},"sameAs":["https:\/\/www.facebook.com\/profile.php?id=100068873117705","https:\/\/www.instagram.com\/kiandra_targo\/","https:\/\/www.youtube.com\/@kiandratargokft"]}]}},"_links":{"self":[{"href":"https:\/\/kiandra.hu\/targonca\/wp-json\/wp\/v2\/pages\/32113","targetHints":{"allow":["GET"]}}],"collection":[{"href":"https:\/\/kiandra.hu\/targonca\/wp-json\/wp\/v2\/pages"}],"about":[{"href":"https:\/\/kiandra.hu\/targonca\/wp-json\/wp\/v2\/types\/page"}],"author":[{"embeddable":true,"href":"https:\/\/kiandra.hu\/targonca\/wp-json\/wp\/v2\/users\/1"}],"replies":[{"embeddable":true,"href":"https:\/\/kiandra.hu\/targonca\/wp-json\/wp\/v2\/comments?post=32113"}],"version-history":[{"count":8,"href":"https:\/\/kiandra.hu\/targonca\/wp-json\/wp\/v2\/pages\/32113\/revisions"}],"predecessor-version":[{"id":32127,"href":"https:\/\/kiandra.hu\/targonca\/wp-json\/wp\/v2\/pages\/32113\/revisions\/32127"}],"wp:attachment":[{"href":"https:\/\/kiandra.hu\/targonca\/wp-json\/wp\/v2\/media?parent=32113"}],"curies":[{"name":"wp","href":"https:\/\/api.w.org\/{rel}","templated":true}]}}