{"id":32020,"date":"2025-06-26T11:10:42","date_gmt":"2025-06-26T09:10:42","guid":{"rendered":"https:\/\/kiandra.hu\/targonca\/?page_id=32020"},"modified":"2025-06-26T11:10:42","modified_gmt":"2025-06-26T09:10:42","slug":"jogi-nyilatkozat","status":"publish","type":"page","link":"https:\/\/kiandra.hu\/targonca\/jogi-nyilatkozat\/","title":{"rendered":"Jogi nyilatkozat"},"content":{"rendered":"<p>[vc_row margin_bottom=&#8221;10&#8243;][vc_column][vc_column_text]<\/p>\n<p style=\"text-align: justify;\">A https:\/\/kiandra.hu weboldal (a tov\u00e1bbiakban: \u201eWeboldal\u201d) l\u00e1togat\u00e1s\u00e1val \u00e9s haszn\u00e1lat\u00e1val \u00d6n elfogadja az al\u00e1bbi jogi nyilatkozatban foglalt felt\u00e9teleket.<\/p>\n<p style=\"text-align: left;\"><strong>1. Tartalom \u00e9s felel\u0151ss\u00e9g kiz\u00e1r\u00e1sa<\/strong><br \/>\nA Weboldalon tal\u00e1lhat\u00f3 inform\u00e1ci\u00f3k kiz\u00e1r\u00f3lag t\u00e1j\u00e9koztat\u00f3 jelleg\u0171ek. B\u00e1r minden t\u0151l\u00fcnk telhet\u0151t megtesz\u00fcnk az adatok pontoss\u00e1g\u00e1nak \u00e9s aktualit\u00e1s\u00e1nak biztos\u00edt\u00e1sa \u00e9rdek\u00e9ben, nem v\u00e1llalunk felel\u0151ss\u00e9get az esetleges el\u00edr\u00e1sokb\u00f3l, hi\u00e1nyoss\u00e1gokb\u00f3l vagy a tartalom v\u00e1ltoz\u00e1saib\u00f3l ered\u0151 k\u00e1rok\u00e9rt.<br \/>\nA Weboldal \u00fczemeltet\u0151je nem v\u00e1llal felel\u0151ss\u00e9get semmilyen k\u00f6zvetlen vagy k\u00f6zvetett k\u00e1r\u00e9rt, amely a Weboldal haszn\u00e1lat\u00e1b\u00f3l vagy haszn\u00e1lhatatlans\u00e1g\u00e1b\u00f3l ered.<\/p>\n<p style=\"text-align: left;\"><strong>2. K\u00fcls\u0151 hivatkoz\u00e1sok<\/strong><br \/>\nA Weboldal tartalmazhat olyan k\u00fcls\u0151 weboldalakra mutat\u00f3 hivatkoz\u00e1sokat (linkeket), amelyek tartalm\u00e1\u00e9rt nem v\u00e1llalunk felel\u0151ss\u00e9get. A k\u00fcls\u0151 oldalak haszn\u00e1lata a saj\u00e1t kock\u00e1zatodra t\u00f6rt\u00e9nik.<\/p>\n<p style=\"text-align: left;\"><strong>3. Szerz\u0151i jogok<\/strong><br \/>\nA Weboldalon tal\u00e1lhat\u00f3 minden tartalom \u2013 bele\u00e9rtve, de nem kiz\u00e1r\u00f3lagosan: sz\u00f6vegek, k\u00e9pek, grafikai elemek, log\u00f3k, vide\u00f3k \u2013 szerz\u0151i jogv\u00e9delem alatt \u00e1ll, \u00e9s a Weboldal \u00fczemeltet\u0151j\u00e9nek tulajdon\u00e1t k\u00e9pezi, kiv\u00e9ve, ha m\u00e1sk\u00e9nt ker\u00fcl felt\u00fcntet\u00e9sre.<br \/>\nA tartalmak m\u00e1sol\u00e1sa, terjeszt\u00e9se, m\u00f3dos\u00edt\u00e1sa vagy \u00fajrak\u00f6zl\u00e9se kiz\u00e1r\u00f3lag az \u00fczemeltet\u0151 el\u0151zetes \u00edr\u00e1sbeli enged\u00e9ly\u00e9vel lehets\u00e9ges.<\/p>\n<p style=\"text-align: left;\"><strong>4. Adatv\u00e9delem<\/strong><br \/>\nA Weboldal haszn\u00e1lata sor\u00e1n gy\u0171jt\u00f6tt adatokat az Adatkezel\u00e9si t\u00e1j\u00e9koztat\u00f3ban r\u00f6gz\u00edtettek szerint kezelj\u00fck, az Eur\u00f3pai Uni\u00f3 \u00e1ltal\u00e1nos adatv\u00e9delmi rendelet\u00e9nek (GDPR) megfelel\u0151en.<\/p>\n<p style=\"text-align: left;\"><strong>5. V\u00e1ltoztat\u00e1s joga<\/strong><br \/>\nFenntartjuk a jogot, hogy a jelen jogi nyilatkozatot b\u00e1rmikor m\u00f3dos\u00edtsuk. A l\u00e1togat\u00f3k sz\u00e1m\u00e1ra az aktu\u00e1lis verzi\u00f3 el\u00e9rhet\u0151 a Weboldalon. A Weboldal tov\u00e1bbi haszn\u00e1lata a m\u00f3dos\u00edtott felt\u00e9telek elfogad\u00e1s\u00e1t jelenti.<\/p>\n<p>[\/vc_column_text][vc_column_text]<\/p>\n<h4 style=\"text-align: center;\"><\/h4>\n<p>[\/vc_column_text][\/vc_column][\/vc_row]<\/p>\n","protected":false},"excerpt":{"rendered":"<p>[vc_row margin_bottom=&#8221;10&#8243;][vc_column][vc_column_text] A https:\/\/kiandra.hu weboldal (a tov\u00e1bbiakban: \u201eWeboldal\u201d) l\u00e1togat\u00e1s\u00e1val \u00e9s haszn\u00e1lat\u00e1val \u00d6n elfogadja az al\u00e1bbi jogi nyilatkozatban foglalt felt\u00e9teleket. 1. Tartalom \u00e9s felel\u0151ss\u00e9g kiz\u00e1r\u00e1sa A Weboldalon tal\u00e1lhat\u00f3 inform\u00e1ci\u00f3k kiz\u00e1r\u00f3lag t\u00e1j\u00e9koztat\u00f3 jelleg\u0171ek. B\u00e1r minden t\u0151l\u00fcnk telhet\u0151t megtesz\u00fcnk az adatok pontoss\u00e1g\u00e1nak \u00e9s aktualit\u00e1s\u00e1nak biztos\u00edt\u00e1sa \u00e9rdek\u00e9ben, nem v\u00e1llalunk felel\u0151ss\u00e9get az esetleges el\u00edr\u00e1sokb\u00f3l, hi\u00e1nyoss\u00e1gokb\u00f3l vagy a tartalom v\u00e1ltoz\u00e1saib\u00f3l ered\u0151&hellip;<\/p>\n","protected":false},"author":1,"featured_media":0,"parent":0,"menu_order":10,"comment_status":"closed","ping_status":"closed","template":"","meta":{"footnotes":""},"class_list":["post-32020","page","type-page","status-publish","hentry","description-off"],"yoast_head":"<!-- This site is optimized with the Yoast SEO plugin v26.8 - https:\/\/yoast.com\/product\/yoast-seo-wordpress\/ -->\n<title>Jogi nyilatkozat - KIANDRA<\/title>\n<meta name=\"robots\" content=\"index, follow, max-snippet:-1, max-image-preview:large, max-video-preview:-1\" \/>\n<link rel=\"canonical\" href=\"https:\/\/kiandra.hu\/targonca\/jogi-nyilatkozat\/\" \/>\n<meta property=\"og:locale\" content=\"hu_HU\" \/>\n<meta property=\"og:type\" content=\"article\" \/>\n<meta property=\"og:title\" content=\"Jogi nyilatkozat - KIANDRA\" \/>\n<meta property=\"og:description\" content=\"[vc_row margin_bottom=&#8221;10&#8243;][vc_column][vc_column_text] A https:\/\/kiandra.hu weboldal (a tov\u00e1bbiakban: \u201eWeboldal\u201d) l\u00e1togat\u00e1s\u00e1val \u00e9s haszn\u00e1lat\u00e1val \u00d6n elfogadja az al\u00e1bbi jogi nyilatkozatban foglalt felt\u00e9teleket. 1. Tartalom \u00e9s felel\u0151ss\u00e9g kiz\u00e1r\u00e1sa A Weboldalon tal\u00e1lhat\u00f3 inform\u00e1ci\u00f3k kiz\u00e1r\u00f3lag t\u00e1j\u00e9koztat\u00f3 jelleg\u0171ek. B\u00e1r minden t\u0151l\u00fcnk telhet\u0151t megtesz\u00fcnk az adatok pontoss\u00e1g\u00e1nak \u00e9s aktualit\u00e1s\u00e1nak biztos\u00edt\u00e1sa \u00e9rdek\u00e9ben, nem v\u00e1llalunk felel\u0151ss\u00e9get az esetleges el\u00edr\u00e1sokb\u00f3l, hi\u00e1nyoss\u00e1gokb\u00f3l vagy a tartalom v\u00e1ltoz\u00e1saib\u00f3l ered\u0151&hellip;\" \/>\n<meta property=\"og:url\" content=\"https:\/\/kiandra.hu\/targonca\/jogi-nyilatkozat\/\" \/>\n<meta property=\"og:site_name\" content=\"KIANDRA\" \/>\n<meta property=\"article:publisher\" content=\"https:\/\/www.facebook.com\/profile.php?id=100068873117705\" \/>\n<meta name=\"twitter:card\" content=\"summary_large_image\" \/>\n<meta name=\"twitter:label1\" content=\"Becs\u00fclt olvas\u00e1si id\u0151\" \/>\n\t<meta name=\"twitter:data1\" content=\"2 perc\" \/>\n<script type=\"application\/ld+json\" class=\"yoast-schema-graph\">{\"@context\":\"https:\/\/schema.org\",\"@graph\":[{\"@type\":\"WebPage\",\"@id\":\"https:\/\/kiandra.hu\/targonca\/jogi-nyilatkozat\/\",\"url\":\"https:\/\/kiandra.hu\/targonca\/jogi-nyilatkozat\/\",\"name\":\"Jogi nyilatkozat - KIANDRA\",\"isPartOf\":{\"@id\":\"https:\/\/kiandra.hu\/targonca\/#website\"},\"datePublished\":\"2025-06-26T09:10:42+00:00\",\"breadcrumb\":{\"@id\":\"https:\/\/kiandra.hu\/targonca\/jogi-nyilatkozat\/#breadcrumb\"},\"inLanguage\":\"hu\",\"potentialAction\":[{\"@type\":\"ReadAction\",\"target\":[\"https:\/\/kiandra.hu\/targonca\/jogi-nyilatkozat\/\"]}]},{\"@type\":\"BreadcrumbList\",\"@id\":\"https:\/\/kiandra.hu\/targonca\/jogi-nyilatkozat\/#breadcrumb\",\"itemListElement\":[{\"@type\":\"ListItem\",\"position\":1,\"name\":\"F\u0151oldal\",\"item\":\"https:\/\/kiandra.hu\/targonca\/\"},{\"@type\":\"ListItem\",\"position\":2,\"name\":\"Jogi nyilatkozat\"}]},{\"@type\":\"WebSite\",\"@id\":\"https:\/\/kiandra.hu\/targonca\/#website\",\"url\":\"https:\/\/kiandra.hu\/targonca\/\",\"name\":\"KIANDRA\",\"description\":\"Targonca b\u00e9rl\u00e9s, szerviz, alkatr\u00e9szb\u00e1zis\",\"publisher\":{\"@id\":\"https:\/\/kiandra.hu\/targonca\/#organization\"},\"potentialAction\":[{\"@type\":\"SearchAction\",\"target\":{\"@type\":\"EntryPoint\",\"urlTemplate\":\"https:\/\/kiandra.hu\/targonca\/?s={search_term_string}\"},\"query-input\":{\"@type\":\"PropertyValueSpecification\",\"valueRequired\":true,\"valueName\":\"search_term_string\"}}],\"inLanguage\":\"hu\"},{\"@type\":\"Organization\",\"@id\":\"https:\/\/kiandra.hu\/targonca\/#organization\",\"name\":\"Kiandra Targo Kft.\",\"url\":\"https:\/\/kiandra.hu\/targonca\/\",\"logo\":{\"@type\":\"ImageObject\",\"inLanguage\":\"hu\",\"@id\":\"https:\/\/kiandra.hu\/targonca\/#\/schema\/logo\/image\/\",\"url\":\"https:\/\/kiandra.hu\/targonca\/wp-content\/uploads\/2016\/09\/kiandra_logo_big.png\",\"contentUrl\":\"https:\/\/kiandra.hu\/targonca\/wp-content\/uploads\/2016\/09\/kiandra_logo_big.png\",\"width\":701,\"height\":397,\"caption\":\"Kiandra Targo Kft.\"},\"image\":{\"@id\":\"https:\/\/kiandra.hu\/targonca\/#\/schema\/logo\/image\/\"},\"sameAs\":[\"https:\/\/www.facebook.com\/profile.php?id=100068873117705\",\"https:\/\/www.instagram.com\/kiandra_targo\/\",\"https:\/\/www.youtube.com\/@kiandratargokft\"]}]}<\/script>\n<!-- \/ Yoast SEO plugin. -->","yoast_head_json":{"title":"Jogi nyilatkozat - KIANDRA","robots":{"index":"index","follow":"follow","max-snippet":"max-snippet:-1","max-image-preview":"max-image-preview:large","max-video-preview":"max-video-preview:-1"},"canonical":"https:\/\/kiandra.hu\/targonca\/jogi-nyilatkozat\/","og_locale":"hu_HU","og_type":"article","og_title":"Jogi nyilatkozat - KIANDRA","og_description":"[vc_row margin_bottom=&#8221;10&#8243;][vc_column][vc_column_text] A https:\/\/kiandra.hu weboldal (a tov\u00e1bbiakban: \u201eWeboldal\u201d) l\u00e1togat\u00e1s\u00e1val \u00e9s haszn\u00e1lat\u00e1val \u00d6n elfogadja az al\u00e1bbi jogi nyilatkozatban foglalt felt\u00e9teleket. 1. Tartalom \u00e9s felel\u0151ss\u00e9g kiz\u00e1r\u00e1sa A Weboldalon tal\u00e1lhat\u00f3 inform\u00e1ci\u00f3k kiz\u00e1r\u00f3lag t\u00e1j\u00e9koztat\u00f3 jelleg\u0171ek. B\u00e1r minden t\u0151l\u00fcnk telhet\u0151t megtesz\u00fcnk az adatok pontoss\u00e1g\u00e1nak \u00e9s aktualit\u00e1s\u00e1nak biztos\u00edt\u00e1sa \u00e9rdek\u00e9ben, nem v\u00e1llalunk felel\u0151ss\u00e9get az esetleges el\u00edr\u00e1sokb\u00f3l, hi\u00e1nyoss\u00e1gokb\u00f3l vagy a tartalom v\u00e1ltoz\u00e1saib\u00f3l ered\u0151&hellip;","og_url":"https:\/\/kiandra.hu\/targonca\/jogi-nyilatkozat\/","og_site_name":"KIANDRA","article_publisher":"https:\/\/www.facebook.com\/profile.php?id=100068873117705","twitter_card":"summary_large_image","twitter_misc":{"Becs\u00fclt olvas\u00e1si id\u0151":"2 perc"},"schema":{"@context":"https:\/\/schema.org","@graph":[{"@type":"WebPage","@id":"https:\/\/kiandra.hu\/targonca\/jogi-nyilatkozat\/","url":"https:\/\/kiandra.hu\/targonca\/jogi-nyilatkozat\/","name":"Jogi nyilatkozat - KIANDRA","isPartOf":{"@id":"https:\/\/kiandra.hu\/targonca\/#website"},"datePublished":"2025-06-26T09:10:42+00:00","breadcrumb":{"@id":"https:\/\/kiandra.hu\/targonca\/jogi-nyilatkozat\/#breadcrumb"},"inLanguage":"hu","potentialAction":[{"@type":"ReadAction","target":["https:\/\/kiandra.hu\/targonca\/jogi-nyilatkozat\/"]}]},{"@type":"BreadcrumbList","@id":"https:\/\/kiandra.hu\/targonca\/jogi-nyilatkozat\/#breadcrumb","itemListElement":[{"@type":"ListItem","position":1,"name":"F\u0151oldal","item":"https:\/\/kiandra.hu\/targonca\/"},{"@type":"ListItem","position":2,"name":"Jogi nyilatkozat"}]},{"@type":"WebSite","@id":"https:\/\/kiandra.hu\/targonca\/#website","url":"https:\/\/kiandra.hu\/targonca\/","name":"KIANDRA","description":"Targonca b\u00e9rl\u00e9s, szerviz, alkatr\u00e9szb\u00e1zis","publisher":{"@id":"https:\/\/kiandra.hu\/targonca\/#organization"},"potentialAction":[{"@type":"SearchAction","target":{"@type":"EntryPoint","urlTemplate":"https:\/\/kiandra.hu\/targonca\/?s={search_term_string}"},"query-input":{"@type":"PropertyValueSpecification","valueRequired":true,"valueName":"search_term_string"}}],"inLanguage":"hu"},{"@type":"Organization","@id":"https:\/\/kiandra.hu\/targonca\/#organization","name":"Kiandra Targo Kft.","url":"https:\/\/kiandra.hu\/targonca\/","logo":{"@type":"ImageObject","inLanguage":"hu","@id":"https:\/\/kiandra.hu\/targonca\/#\/schema\/logo\/image\/","url":"https:\/\/kiandra.hu\/targonca\/wp-content\/uploads\/2016\/09\/kiandra_logo_big.png","contentUrl":"https:\/\/kiandra.hu\/targonca\/wp-content\/uploads\/2016\/09\/kiandra_logo_big.png","width":701,"height":397,"caption":"Kiandra Targo Kft."},"image":{"@id":"https:\/\/kiandra.hu\/targonca\/#\/schema\/logo\/image\/"},"sameAs":["https:\/\/www.facebook.com\/profile.php?id=100068873117705","https:\/\/www.instagram.com\/kiandra_targo\/","https:\/\/www.youtube.com\/@kiandratargokft"]}]}},"_links":{"self":[{"href":"https:\/\/kiandra.hu\/targonca\/wp-json\/wp\/v2\/pages\/32020","targetHints":{"allow":["GET"]}}],"collection":[{"href":"https:\/\/kiandra.hu\/targonca\/wp-json\/wp\/v2\/pages"}],"about":[{"href":"https:\/\/kiandra.hu\/targonca\/wp-json\/wp\/v2\/types\/page"}],"author":[{"embeddable":true,"href":"https:\/\/kiandra.hu\/targonca\/wp-json\/wp\/v2\/users\/1"}],"replies":[{"embeddable":true,"href":"https:\/\/kiandra.hu\/targonca\/wp-json\/wp\/v2\/comments?post=32020"}],"version-history":[{"count":4,"href":"https:\/\/kiandra.hu\/targonca\/wp-json\/wp\/v2\/pages\/32020\/revisions"}],"predecessor-version":[{"id":32024,"href":"https:\/\/kiandra.hu\/targonca\/wp-json\/wp\/v2\/pages\/32020\/revisions\/32024"}],"wp:attachment":[{"href":"https:\/\/kiandra.hu\/targonca\/wp-json\/wp\/v2\/media?parent=32020"}],"curies":[{"name":"wp","href":"https:\/\/api.w.org\/{rel}","templated":true}]}}