{"id":32012,"date":"2025-06-26T10:47:09","date_gmt":"2025-06-26T08:47:09","guid":{"rendered":"https:\/\/kiandra.hu\/targonca\/?page_id=32012"},"modified":"2025-06-26T10:47:09","modified_gmt":"2025-06-26T08:47:09","slug":"impresszum","status":"publish","type":"page","link":"https:\/\/kiandra.hu\/targonca\/impresszum\/","title":{"rendered":"Impresszum"},"content":{"rendered":"<p>[vc_row margin_bottom=&#8221;10&#8243;][vc_column][vc_column_text]A https:\/\/kiandra.hu weboldal \u00fczemeltet\u0151je:<\/p>\n<p>C\u00e9gn\u00e9v: Kiandra Targo Kft<br \/>\nSz\u00e9khely: 2316 T\u00f6k\u00f6l, Cs\u00e9pi \u00fat 2644\/9.<br \/>\nTelephely: 2316 T\u00f6k\u00f6l, Cs\u00e9pi \u00fat 2644\/9.<br \/>\nAd\u00f3sz\u00e1m: 13414915-2-13<br \/>\nC\u00e9gjegyz\u00e9ksz\u00e1m: 13-09-101715<br \/>\nBanksz\u00e1mlasz\u00e1m: 10400188-50527076-84551009 Kereskedelmi \u00e9s Hitelbank Z\u00e1rtk\u00f6r\u0171en M\u0171k\u00f6d\u0151 R\u00e9szv\u00e9nyt\u00e1rsas\u00e1g\u00a0<i>(1095 Budapest, Lechner \u00d6d\u00f6n fasor 9)<\/i><\/p>\n<p>Telefonsz\u00e1m: +36209393939<br \/>\nEmail: kiandra@kiandra.hu<\/p>\n<p>T\u00e1rhelyszolg\u00e1ltat\u00f3 adatai<br \/>\nC\u00e9gn\u00e9v: \u00a0WebHostIcon.hu<br \/>\nhttps:\/\/webhosticon.hu\/[\/vc_column_text][vc_column_text]<\/p>\n<h4 style=\"text-align: center;\"><\/h4>\n<p>[\/vc_column_text][\/vc_column][\/vc_row]<\/p>\n","protected":false},"excerpt":{"rendered":"<p>[vc_row margin_bottom=&#8221;10&#8243;][vc_column][vc_column_text]A https:\/\/kiandra.hu weboldal \u00fczemeltet\u0151je: C\u00e9gn\u00e9v: Kiandra Targo Kft Sz\u00e9khely: 2316 T\u00f6k\u00f6l, Cs\u00e9pi \u00fat 2644\/9. Telephely: 2316 T\u00f6k\u00f6l, Cs\u00e9pi \u00fat 2644\/9. Ad\u00f3sz\u00e1m: 13414915-2-13 C\u00e9gjegyz\u00e9ksz\u00e1m: 13-09-101715 Banksz\u00e1mlasz\u00e1m: 10400188-50527076-84551009 Kereskedelmi \u00e9s Hitelbank Z\u00e1rtk\u00f6r\u0171en M\u0171k\u00f6d\u0151 R\u00e9szv\u00e9nyt\u00e1rsas\u00e1g\u00a0(1095 Budapest, Lechner \u00d6d\u00f6n fasor 9) Telefonsz\u00e1m: +36209393939 Email: kiandra@kiandra.hu T\u00e1rhelyszolg\u00e1ltat\u00f3 adatai C\u00e9gn\u00e9v: \u00a0WebHostIcon.hu https:\/\/webhosticon.hu\/[\/vc_column_text][vc_column_text] [\/vc_column_text][\/vc_column][\/vc_row]<\/p>\n","protected":false},"author":1,"featured_media":0,"parent":0,"menu_order":10,"comment_status":"closed","ping_status":"closed","template":"","meta":{"footnotes":""},"class_list":["post-32012","page","type-page","status-publish","hentry","description-off"],"yoast_head":"<!-- This site is optimized with the Yoast SEO plugin v26.8 - https:\/\/yoast.com\/product\/yoast-seo-wordpress\/ -->\n<title>Impresszum - KIANDRA<\/title>\n<meta name=\"robots\" content=\"index, follow, max-snippet:-1, max-image-preview:large, max-video-preview:-1\" \/>\n<link rel=\"canonical\" href=\"https:\/\/kiandra.hu\/targonca\/impresszum\/\" \/>\n<meta property=\"og:locale\" content=\"hu_HU\" \/>\n<meta property=\"og:type\" content=\"article\" \/>\n<meta property=\"og:title\" content=\"Impresszum - KIANDRA\" \/>\n<meta property=\"og:description\" content=\"[vc_row margin_bottom=&#8221;10&#8243;][vc_column][vc_column_text]A https:\/\/kiandra.hu weboldal \u00fczemeltet\u0151je: C\u00e9gn\u00e9v: Kiandra Targo Kft Sz\u00e9khely: 2316 T\u00f6k\u00f6l, Cs\u00e9pi \u00fat 2644\/9. Telephely: 2316 T\u00f6k\u00f6l, Cs\u00e9pi \u00fat 2644\/9. Ad\u00f3sz\u00e1m: 13414915-2-13 C\u00e9gjegyz\u00e9ksz\u00e1m: 13-09-101715 Banksz\u00e1mlasz\u00e1m: 10400188-50527076-84551009 Kereskedelmi \u00e9s Hitelbank Z\u00e1rtk\u00f6r\u0171en M\u0171k\u00f6d\u0151 R\u00e9szv\u00e9nyt\u00e1rsas\u00e1g\u00a0(1095 Budapest, Lechner \u00d6d\u00f6n fasor 9) Telefonsz\u00e1m: +36209393939 Email: kiandra@kiandra.hu T\u00e1rhelyszolg\u00e1ltat\u00f3 adatai C\u00e9gn\u00e9v: \u00a0WebHostIcon.hu https:\/\/webhosticon.hu\/[\/vc_column_text][vc_column_text] [\/vc_column_text][\/vc_column][\/vc_row]\" \/>\n<meta property=\"og:url\" content=\"https:\/\/kiandra.hu\/targonca\/impresszum\/\" \/>\n<meta property=\"og:site_name\" content=\"KIANDRA\" \/>\n<meta property=\"article:publisher\" content=\"https:\/\/www.facebook.com\/profile.php?id=100068873117705\" \/>\n<meta name=\"twitter:card\" content=\"summary_large_image\" \/>\n<meta name=\"twitter:label1\" content=\"Becs\u00fclt olvas\u00e1si id\u0151\" \/>\n\t<meta name=\"twitter:data1\" content=\"1 perc\" \/>\n<script type=\"application\/ld+json\" class=\"yoast-schema-graph\">{\"@context\":\"https:\/\/schema.org\",\"@graph\":[{\"@type\":\"WebPage\",\"@id\":\"https:\/\/kiandra.hu\/targonca\/impresszum\/\",\"url\":\"https:\/\/kiandra.hu\/targonca\/impresszum\/\",\"name\":\"Impresszum - KIANDRA\",\"isPartOf\":{\"@id\":\"https:\/\/kiandra.hu\/targonca\/#website\"},\"datePublished\":\"2025-06-26T08:47:09+00:00\",\"breadcrumb\":{\"@id\":\"https:\/\/kiandra.hu\/targonca\/impresszum\/#breadcrumb\"},\"inLanguage\":\"hu\",\"potentialAction\":[{\"@type\":\"ReadAction\",\"target\":[\"https:\/\/kiandra.hu\/targonca\/impresszum\/\"]}]},{\"@type\":\"BreadcrumbList\",\"@id\":\"https:\/\/kiandra.hu\/targonca\/impresszum\/#breadcrumb\",\"itemListElement\":[{\"@type\":\"ListItem\",\"position\":1,\"name\":\"F\u0151oldal\",\"item\":\"https:\/\/kiandra.hu\/targonca\/\"},{\"@type\":\"ListItem\",\"position\":2,\"name\":\"Impresszum\"}]},{\"@type\":\"WebSite\",\"@id\":\"https:\/\/kiandra.hu\/targonca\/#website\",\"url\":\"https:\/\/kiandra.hu\/targonca\/\",\"name\":\"KIANDRA\",\"description\":\"Targonca b\u00e9rl\u00e9s, szerviz, alkatr\u00e9szb\u00e1zis\",\"publisher\":{\"@id\":\"https:\/\/kiandra.hu\/targonca\/#organization\"},\"potentialAction\":[{\"@type\":\"SearchAction\",\"target\":{\"@type\":\"EntryPoint\",\"urlTemplate\":\"https:\/\/kiandra.hu\/targonca\/?s={search_term_string}\"},\"query-input\":{\"@type\":\"PropertyValueSpecification\",\"valueRequired\":true,\"valueName\":\"search_term_string\"}}],\"inLanguage\":\"hu\"},{\"@type\":\"Organization\",\"@id\":\"https:\/\/kiandra.hu\/targonca\/#organization\",\"name\":\"Kiandra Targo Kft.\",\"url\":\"https:\/\/kiandra.hu\/targonca\/\",\"logo\":{\"@type\":\"ImageObject\",\"inLanguage\":\"hu\",\"@id\":\"https:\/\/kiandra.hu\/targonca\/#\/schema\/logo\/image\/\",\"url\":\"https:\/\/kiandra.hu\/targonca\/wp-content\/uploads\/2016\/09\/kiandra_logo_big.png\",\"contentUrl\":\"https:\/\/kiandra.hu\/targonca\/wp-content\/uploads\/2016\/09\/kiandra_logo_big.png\",\"width\":701,\"height\":397,\"caption\":\"Kiandra Targo Kft.\"},\"image\":{\"@id\":\"https:\/\/kiandra.hu\/targonca\/#\/schema\/logo\/image\/\"},\"sameAs\":[\"https:\/\/www.facebook.com\/profile.php?id=100068873117705\",\"https:\/\/www.instagram.com\/kiandra_targo\/\",\"https:\/\/www.youtube.com\/@kiandratargokft\"]}]}<\/script>\n<!-- \/ Yoast SEO plugin. -->","yoast_head_json":{"title":"Impresszum - KIANDRA","robots":{"index":"index","follow":"follow","max-snippet":"max-snippet:-1","max-image-preview":"max-image-preview:large","max-video-preview":"max-video-preview:-1"},"canonical":"https:\/\/kiandra.hu\/targonca\/impresszum\/","og_locale":"hu_HU","og_type":"article","og_title":"Impresszum - KIANDRA","og_description":"[vc_row margin_bottom=&#8221;10&#8243;][vc_column][vc_column_text]A https:\/\/kiandra.hu weboldal \u00fczemeltet\u0151je: C\u00e9gn\u00e9v: Kiandra Targo Kft Sz\u00e9khely: 2316 T\u00f6k\u00f6l, Cs\u00e9pi \u00fat 2644\/9. Telephely: 2316 T\u00f6k\u00f6l, Cs\u00e9pi \u00fat 2644\/9. Ad\u00f3sz\u00e1m: 13414915-2-13 C\u00e9gjegyz\u00e9ksz\u00e1m: 13-09-101715 Banksz\u00e1mlasz\u00e1m: 10400188-50527076-84551009 Kereskedelmi \u00e9s Hitelbank Z\u00e1rtk\u00f6r\u0171en M\u0171k\u00f6d\u0151 R\u00e9szv\u00e9nyt\u00e1rsas\u00e1g\u00a0(1095 Budapest, Lechner \u00d6d\u00f6n fasor 9) Telefonsz\u00e1m: +36209393939 Email: kiandra@kiandra.hu T\u00e1rhelyszolg\u00e1ltat\u00f3 adatai C\u00e9gn\u00e9v: \u00a0WebHostIcon.hu https:\/\/webhosticon.hu\/[\/vc_column_text][vc_column_text] [\/vc_column_text][\/vc_column][\/vc_row]","og_url":"https:\/\/kiandra.hu\/targonca\/impresszum\/","og_site_name":"KIANDRA","article_publisher":"https:\/\/www.facebook.com\/profile.php?id=100068873117705","twitter_card":"summary_large_image","twitter_misc":{"Becs\u00fclt olvas\u00e1si id\u0151":"1 perc"},"schema":{"@context":"https:\/\/schema.org","@graph":[{"@type":"WebPage","@id":"https:\/\/kiandra.hu\/targonca\/impresszum\/","url":"https:\/\/kiandra.hu\/targonca\/impresszum\/","name":"Impresszum - KIANDRA","isPartOf":{"@id":"https:\/\/kiandra.hu\/targonca\/#website"},"datePublished":"2025-06-26T08:47:09+00:00","breadcrumb":{"@id":"https:\/\/kiandra.hu\/targonca\/impresszum\/#breadcrumb"},"inLanguage":"hu","potentialAction":[{"@type":"ReadAction","target":["https:\/\/kiandra.hu\/targonca\/impresszum\/"]}]},{"@type":"BreadcrumbList","@id":"https:\/\/kiandra.hu\/targonca\/impresszum\/#breadcrumb","itemListElement":[{"@type":"ListItem","position":1,"name":"F\u0151oldal","item":"https:\/\/kiandra.hu\/targonca\/"},{"@type":"ListItem","position":2,"name":"Impresszum"}]},{"@type":"WebSite","@id":"https:\/\/kiandra.hu\/targonca\/#website","url":"https:\/\/kiandra.hu\/targonca\/","name":"KIANDRA","description":"Targonca b\u00e9rl\u00e9s, szerviz, alkatr\u00e9szb\u00e1zis","publisher":{"@id":"https:\/\/kiandra.hu\/targonca\/#organization"},"potentialAction":[{"@type":"SearchAction","target":{"@type":"EntryPoint","urlTemplate":"https:\/\/kiandra.hu\/targonca\/?s={search_term_string}"},"query-input":{"@type":"PropertyValueSpecification","valueRequired":true,"valueName":"search_term_string"}}],"inLanguage":"hu"},{"@type":"Organization","@id":"https:\/\/kiandra.hu\/targonca\/#organization","name":"Kiandra Targo Kft.","url":"https:\/\/kiandra.hu\/targonca\/","logo":{"@type":"ImageObject","inLanguage":"hu","@id":"https:\/\/kiandra.hu\/targonca\/#\/schema\/logo\/image\/","url":"https:\/\/kiandra.hu\/targonca\/wp-content\/uploads\/2016\/09\/kiandra_logo_big.png","contentUrl":"https:\/\/kiandra.hu\/targonca\/wp-content\/uploads\/2016\/09\/kiandra_logo_big.png","width":701,"height":397,"caption":"Kiandra Targo Kft."},"image":{"@id":"https:\/\/kiandra.hu\/targonca\/#\/schema\/logo\/image\/"},"sameAs":["https:\/\/www.facebook.com\/profile.php?id=100068873117705","https:\/\/www.instagram.com\/kiandra_targo\/","https:\/\/www.youtube.com\/@kiandratargokft"]}]}},"_links":{"self":[{"href":"https:\/\/kiandra.hu\/targonca\/wp-json\/wp\/v2\/pages\/32012","targetHints":{"allow":["GET"]}}],"collection":[{"href":"https:\/\/kiandra.hu\/targonca\/wp-json\/wp\/v2\/pages"}],"about":[{"href":"https:\/\/kiandra.hu\/targonca\/wp-json\/wp\/v2\/types\/page"}],"author":[{"embeddable":true,"href":"https:\/\/kiandra.hu\/targonca\/wp-json\/wp\/v2\/users\/1"}],"replies":[{"embeddable":true,"href":"https:\/\/kiandra.hu\/targonca\/wp-json\/wp\/v2\/comments?post=32012"}],"version-history":[{"count":5,"href":"https:\/\/kiandra.hu\/targonca\/wp-json\/wp\/v2\/pages\/32012\/revisions"}],"predecessor-version":[{"id":32043,"href":"https:\/\/kiandra.hu\/targonca\/wp-json\/wp\/v2\/pages\/32012\/revisions\/32043"}],"wp:attachment":[{"href":"https:\/\/kiandra.hu\/targonca\/wp-json\/wp\/v2\/media?parent=32012"}],"curies":[{"name":"wp","href":"https:\/\/api.w.org\/{rel}","templated":true}]}}