{"id":30983,"date":"2016-09-24T01:52:58","date_gmt":"2016-09-23T23:52:58","guid":{"rendered":"http:\/\/localhost\/kiandra\/?page_id=30983"},"modified":"2025-05-19T13:13:06","modified_gmt":"2025-05-19T11:13:06","slug":"ajanlatkeres","status":"publish","type":"page","link":"https:\/\/kiandra.hu\/targonca\/ajanlatkeres\/","title":{"rendered":"Aj\u00e1nlatk\u00e9r\u00e9s"},"content":{"rendered":"<p>[vc_row][vc_column]<div class=\"dt-fancy-separator h3-size style-dashed accent-title-color\" style=\"width: 70%;\"><div class=\"dt-fancy-title\"><span class=\"separator-holder separator-left\"><\/span>Aj\u00e1nlatk\u00e9r\u00e9s\u00e9re gyorsan reag\u00e1lunk!<span class=\"separator-holder separator-right\"><\/span><\/div><\/div>[vc_empty_space height=&#8221;24px&#8221;][vc_column_text]<\/p>\n<p style=\"text-align: center;\">Aj\u00e1nlatra vagy seg\u00edts\u00e9gre van sz\u00fcks\u00e9ge?<\/p>\n<p style=\"text-align: center;\">Alkatr\u00e9szt vagy csere targonc\u00e1t keres?<\/p>\n<p style=\"text-align: center;\">\u00cdrjon nek\u00fcnk, h\u00edvjon minket!<\/p>\n<p>[\/vc_column_text][vc_empty_space height=&#8221;24px&#8221;][vc_row_inner content_placement=&#8221;middle&#8221; css=&#8221;.vc_custom_1474588548923{margin-top: 2px !important;margin-right: 2px !important;margin-bottom: 2px !important;margin-left: 2px !important;padding-top: 12px !important;padding-right: 2px !important;padding-bottom: 12px !important;padding-left: 2px !important;background-color: #282e30 !important;}&#8221;][vc_column_inner width=&#8221;1\/4&#8243;][vc_empty_space height=&#8221;10px&#8221;][vc_column_text css_animation=&#8221;fadeIn&#8221;]<img loading=\"lazy\" decoding=\"async\" class=\"size-thumbnail wp-image-30895 aligncenter\" src=\"http:\/\/www.kiandra.hu\/targonca\/wp-content\/uploads\/2016\/09\/kiandra_logo_small_white-150x91.png\" alt=\"kiandra_logo_small_white\" width=\"150\" height=\"91\" \/>[\/vc_column_text][vc_empty_space height=&#8221;10px&#8221;][\/vc_column_inner][vc_column_inner width=&#8221;1\/4&#8243;][vc_empty_space height=&#8221;20px&#8221;][vc_column_text css_animation=&#8221;fadeIn&#8221;]<\/p>\n<h4 style=\"text-align: center;\"><span style=\"color: #ffffff;\"><strong>TARGONCA HOTLINE<br \/>\n+36 20 939 3939<\/strong><\/span><\/h4>\n<p>[\/vc_column_text][vc_empty_space height=&#8221;10px&#8221;][\/vc_column_inner][vc_column_inner width=&#8221;1\/4&#8243;][vc_empty_space height=&#8221;10px&#8221;][vc_column_text css_animation=&#8221;fadeIn&#8221;]<strong><span class=\"color-title\" style=\"color: #ffffff;\">E-mail:<\/span><\/strong><br \/>\n<span style=\"color: #ffffff;\">kiandra@kiandra.hu<\/span><\/p>\n<p><strong><span class=\"color-title\" style=\"color: #ffffff;\">\u00c9rt\u00e9kes\u00edt\u00e9s:<\/span><\/strong><br \/>\n<span style=\"color: #ffffff;\">+36 20 454 5454<\/span>[\/vc_column_text][vc_empty_space height=&#8221;10px&#8221;][\/vc_column_inner][vc_column_inner width=&#8221;1\/4&#8243;][vc_empty_space height=&#8221;10px&#8221;][vc_column_text css_animation=&#8221;fadeIn&#8221;]<strong><span class=\"color-title\" style=\"color: #ffffff;\">Szerviz:<\/span><\/strong><br \/>\n<span style=\"color: #ffffff;\">+36 20 311 1333<\/span><\/p>\n<p><strong><span class=\"color-title\" style=\"color: #ffffff;\">E-mail:<\/span><\/strong><br \/>\n<span style=\"color: #ffffff;\">hibabejelentes@kiandra.hu<\/span>[\/vc_column_text][vc_empty_space height=&#8221;10px&#8221;][\/vc_column_inner][\/vc_row_inner][vc_empty_space height=&#8221;24px&#8221;][\/vc_column][\/vc_row][vc_row][vc_column width=&#8221;1\/4&#8243;][vc_single_image image=&#8221;31017&#8243; img_size=&#8221;full&#8221;][\/vc_column][vc_column width=&#8221;1\/2&#8243;]\n<div class=\"wpcf7 no-js\" id=\"wpcf7-f30979-o1\" lang=\"hu-HU\" dir=\"ltr\" data-wpcf7-id=\"30979\">\n<div class=\"screen-reader-response\"><p role=\"status\" aria-live=\"polite\" aria-atomic=\"true\"><\/p> <ul><\/ul><\/div>\n<form action=\"\/targonca\/wp-json\/wp\/v2\/pages\/30983#wpcf7-f30979-o1\" method=\"post\" class=\"wpcf7-form init\" aria-label=\"Kapcsolatfelv\u00e9teli \u0171rlap\" enctype=\"multipart\/form-data\" novalidate=\"novalidate\" data-status=\"init\">\n<fieldset class=\"hidden-fields-container\"><input type=\"hidden\" name=\"_wpcf7\" value=\"30979\" \/><input type=\"hidden\" name=\"_wpcf7_version\" value=\"6.1.4\" \/><input type=\"hidden\" name=\"_wpcf7_locale\" value=\"hu_HU\" \/><input type=\"hidden\" name=\"_wpcf7_unit_tag\" value=\"wpcf7-f30979-o1\" \/><input type=\"hidden\" name=\"_wpcf7_container_post\" value=\"0\" \/><input type=\"hidden\" name=\"_wpcf7_posted_data_hash\" value=\"\" \/>\n<\/fieldset>\n<h4>Targonca adatai aj\u00e1nlatk\u00e9r\u00e9shez\n<\/h4>\n<p>Gy\u00e1rtm\u00e1ny <span style=\"color:red; font-size:15px; font-weight:bold;\">*<\/span>\n<\/p>\n<p><span class=\"wpcf7-form-control-wrap\" data-name=\"marka\"><input size=\"40\" maxlength=\"400\" class=\"wpcf7-form-control wpcf7-text wpcf7-validates-as-required\" aria-required=\"true\" aria-invalid=\"false\" value=\"\" type=\"text\" name=\"marka\" \/><\/span>\n<\/p>\n<p>T\u00edpus <span style=\"color:red; font-size:15px; font-weight:bold;\">*<\/span>\n<\/p>\n<p><span class=\"wpcf7-form-control-wrap\" data-name=\"tipus\"><input size=\"40\" maxlength=\"400\" class=\"wpcf7-form-control wpcf7-text wpcf7-validates-as-required\" aria-required=\"true\" aria-invalid=\"false\" value=\"\" type=\"text\" name=\"tipus\" \/><\/span>\n<\/p>\n<p>Teherb\u00edr\u00e1s\n<\/p>\n<p><span class=\"wpcf7-form-control-wrap\" data-name=\"teherbiras\"><input size=\"40\" maxlength=\"400\" class=\"wpcf7-form-control wpcf7-text\" aria-invalid=\"false\" value=\"\" type=\"text\" name=\"teherbiras\" \/><\/span>\n<\/p>\n<p>Gy\u00e1rt\u00e1s \u00e9ve\n<\/p>\n<p><span class=\"wpcf7-form-control-wrap\" data-name=\"evjarat\"><input size=\"40\" maxlength=\"400\" class=\"wpcf7-form-control wpcf7-text\" aria-invalid=\"false\" value=\"\" type=\"text\" name=\"evjarat\" \/><\/span>\n<\/p>\n<p>Sorozatsz\u00e1m\n<\/p>\n<p><span class=\"wpcf7-form-control-wrap\" data-name=\"sn\"><input size=\"40\" maxlength=\"400\" class=\"wpcf7-form-control wpcf7-text\" aria-invalid=\"false\" value=\"\" type=\"text\" name=\"sn\" \/><\/span>\n<\/p>\n<div style=\"background-color:#f2f2f2; padding: 15px;\">\n\t<h4>Alkatr\u00e9sz adatai\n\t<\/h4>\n\t<p>Cikksz\u00e1m\n\t<\/p>\n\t<p><span class=\"wpcf7-form-control-wrap\" data-name=\"cikkszam\"><input size=\"40\" maxlength=\"400\" class=\"wpcf7-form-control wpcf7-text\" aria-invalid=\"false\" value=\"\" type=\"text\" name=\"cikkszam\" \/><\/span>\n\t<\/p>\n\t<p>Megnevez\u00e9s\n\t<\/p>\n\t<p><span class=\"wpcf7-form-control-wrap\" data-name=\"megnevezes\"><input size=\"40\" maxlength=\"400\" class=\"wpcf7-form-control wpcf7-text\" aria-invalid=\"false\" value=\"\" type=\"text\" name=\"megnevezes\" \/><\/span>\n\t<\/p>\n\t<p>Le\u00edr\u00e1s\n\t<\/p>\n\t<p><span class=\"wpcf7-form-control-wrap\" data-name=\"leiras\"><textarea cols=\"40\" rows=\"10\" maxlength=\"2000\" class=\"wpcf7-form-control wpcf7-textarea smalltextarea\" aria-invalid=\"false\" name=\"leiras\"><\/textarea><\/span>\n\t<\/p>\n\t<h4>Oszlop alkatr\u00e9sz? K\u00e9rj\u00fck, t\u00f6ltse ki:\n\t<\/h4>\n\t<p>Oszlop adatai\n\t<\/p>\n\t<p><span class=\"wpcf7-form-control-wrap\" data-name=\"oszlopadat\"><input size=\"40\" maxlength=\"400\" class=\"wpcf7-form-control wpcf7-text\" aria-invalid=\"false\" value=\"\" type=\"text\" name=\"oszlopadat\" \/><\/span>\n\t<\/p>\n\t<p>Oszlop sz\u00e1m\n\t<\/p>\n\t<p><span class=\"wpcf7-form-control-wrap\" data-name=\"oszlopszam\"><input size=\"40\" maxlength=\"400\" class=\"wpcf7-form-control wpcf7-text\" aria-invalid=\"false\" value=\"\" type=\"text\" name=\"oszlopszam\" \/><\/span>\n\t<\/p>\n\t<h4>K\u00e9p csatol\u00e1sa (JPG, PNG, PDF)\n\t<\/h4>\n\t<p>K\u00e9p csatol\u00e1s\n\t<\/p>\n\t<p><span class=\"wpcf7-form-control-wrap\" data-name=\"kep\"><input size=\"40\" class=\"wpcf7-form-control wpcf7-file\" accept=\".jpg,.png,.pdf\" aria-invalid=\"false\" type=\"file\" name=\"kep\" \/><\/span>\n\t<\/p>\n<\/div>\n<p>&nbsp\n<\/p>\n<h4>K\u00e9rj\u00fck, adja meg el\u00e9rhet\u0151s\u00e9geit\n<\/h4>\n<p>N\u00e9v <span style=\"color:red; font-size:15px; font-weight:bold;\">*<\/span>\n<\/p>\n<p><span class=\"wpcf7-form-control-wrap\" data-name=\"nev\"><input size=\"40\" maxlength=\"400\" class=\"wpcf7-form-control wpcf7-text wpcf7-validates-as-required\" aria-required=\"true\" aria-invalid=\"false\" value=\"\" type=\"text\" name=\"nev\" \/><\/span>\n<\/p>\n<p>C\u00e9gn\u00e9v <span style=\"color:red; font-size:15px; font-weight:bold;\">*<\/span>\n<\/p>\n<p><span class=\"wpcf7-form-control-wrap\" data-name=\"cegnev\"><input size=\"40\" maxlength=\"400\" class=\"wpcf7-form-control wpcf7-text wpcf7-validates-as-required\" aria-required=\"true\" aria-invalid=\"false\" value=\"\" type=\"text\" name=\"cegnev\" \/><\/span>\n<\/p>\n<p>Email c\u00edm <span style=\"color:red; font-size:15px; font-weight:bold;\">*<\/span>\n<\/p>\n<p><span class=\"wpcf7-form-control-wrap\" data-name=\"email\"><input size=\"40\" maxlength=\"400\" class=\"wpcf7-form-control wpcf7-email wpcf7-validates-as-required wpcf7-text wpcf7-validates-as-email\" aria-required=\"true\" aria-invalid=\"false\" value=\"\" type=\"email\" name=\"email\" \/><\/span>\n<\/p>\n<p>Telefonsz\u00e1m <span style=\"color:red; font-size:15px; font-weight:bold;\">*<\/span>\n<\/p>\n<p><span class=\"wpcf7-form-control-wrap\" data-name=\"telefon\"><input size=\"40\" maxlength=\"400\" class=\"wpcf7-form-control wpcf7-tel wpcf7-validates-as-required wpcf7-text wpcf7-validates-as-tel\" aria-required=\"true\" aria-invalid=\"false\" value=\"\" type=\"tel\" name=\"telefon\" \/><\/span>\n<\/p>\n<center>\n\t<p><input class=\"wpcf7-form-control wpcf7-submit has-spinner\" type=\"submit\" value=\"Aj\u00e1nlatk\u00e9r\u00e9s elk\u00fcld\u00e9se\" \/>\n\t<\/p>\n<\/center>\n<p>[recaptcha]\n<\/p><div class=\"wpcf7-response-output\" aria-hidden=\"true\"><\/div>\n<\/form>\n<\/div>\n[\/vc_column][vc_column width=&#8221;1\/4&#8243;][vc_single_image image=&#8221;31024&#8243; img_size=&#8221;full&#8221;][\/vc_column][\/vc_row]<\/p>\n","protected":false},"excerpt":{"rendered":"<p>[vc_row][vc_column][vc_empty_space height=&#8221;24px&#8221;][vc_column_text] Aj\u00e1nlatra vagy seg\u00edts\u00e9gre van sz\u00fcks\u00e9ge? Alkatr\u00e9szt vagy csere targonc\u00e1t keres? \u00cdrjon nek\u00fcnk, h\u00edvjon minket! [\/vc_column_text][vc_empty_space height=&#8221;24px&#8221;][vc_row_inner content_placement=&#8221;middle&#8221; css=&#8221;.vc_custom_1474588548923{margin-top: 2px !important;margin-right: 2px !important;margin-bottom: 2px !important;margin-left: 2px !important;padding-top: 12px !important;padding-right: 2px !important;padding-bottom: 12px !important;padding-left: 2px !important;background-color: #282e30 !important;}&#8221;][vc_column_inner width=&#8221;1\/4&#8243;][vc_empty_space height=&#8221;10px&#8221;][vc_column_text css_animation=&#8221;fadeIn&#8221;][\/vc_column_text][vc_empty_space height=&#8221;10px&#8221;][\/vc_column_inner][vc_column_inner width=&#8221;1\/4&#8243;][vc_empty_space height=&#8221;20px&#8221;][vc_column_text css_animation=&#8221;fadeIn&#8221;] TARGONCA HOTLINE +36 20 939 3939 [\/vc_column_text][vc_empty_space height=&#8221;10px&#8221;][\/vc_column_inner][vc_column_inner width=&#8221;1\/4&#8243;][vc_empty_space height=&#8221;10px&#8221;][vc_column_text&hellip;<\/p>\n","protected":false},"author":1,"featured_media":0,"parent":0,"menu_order":10,"comment_status":"closed","ping_status":"closed","template":"","meta":{"footnotes":""},"class_list":["post-30983","page","type-page","status-publish","hentry","description-off"],"yoast_head":"<!-- This site is optimized with the Yoast SEO plugin v26.8 - https:\/\/yoast.com\/product\/yoast-seo-wordpress\/ -->\n<title>KIANDRA targonca szerviz \u00e9s alkatr\u00e9szb\u00e1zis - Aj\u00e1nlatk\u00e9r\u00e9s<\/title>\n<meta name=\"description\" content=\"Napok \u00f3ta \u00e1ll a targonc\u00e1ja? Megjav\u00edtjuk! Esetleg csak alkatr\u00e9szre lenne sz\u00fcks\u00e9ge? Keresse a Kiandr\u00e1t. B\u00e9relne is egyet, hogy p\u00f3tolja a lemarad\u00e1st? H\u00edvjon!\" \/>\n<meta name=\"robots\" content=\"index, follow, max-snippet:-1, max-image-preview:large, max-video-preview:-1\" \/>\n<link rel=\"canonical\" href=\"https:\/\/kiandra.hu\/targonca\/ajanlatkeres\/\" \/>\n<meta property=\"og:locale\" content=\"hu_HU\" \/>\n<meta property=\"og:type\" content=\"article\" \/>\n<meta property=\"og:title\" content=\"KIANDRA targonca szerviz \u00e9s alkatr\u00e9szb\u00e1zis - Aj\u00e1nlatk\u00e9r\u00e9s\" \/>\n<meta property=\"og:description\" content=\"Napok \u00f3ta \u00e1ll a targonc\u00e1ja? Megjav\u00edtjuk! Esetleg csak alkatr\u00e9szre lenne sz\u00fcks\u00e9ge? Keresse a Kiandr\u00e1t. B\u00e9relne is egyet, hogy p\u00f3tolja a lemarad\u00e1st? H\u00edvjon!\" \/>\n<meta property=\"og:url\" content=\"https:\/\/kiandra.hu\/targonca\/ajanlatkeres\/\" \/>\n<meta property=\"og:site_name\" content=\"KIANDRA\" \/>\n<meta property=\"article:publisher\" content=\"https:\/\/www.facebook.com\/profile.php?id=100068873117705\" \/>\n<meta property=\"article:modified_time\" content=\"2025-05-19T11:13:06+00:00\" \/>\n<meta property=\"og:image\" content=\"https:\/\/kiandra.hu\/targonca\/wp-content\/uploads\/2016\/09\/kiandra_logo_small_white.png\" \/>\n\t<meta property=\"og:image:width\" content=\"184\" \/>\n\t<meta property=\"og:image:height\" content=\"91\" \/>\n\t<meta property=\"og:image:type\" content=\"image\/png\" \/>\n<meta name=\"twitter:card\" content=\"summary_large_image\" \/>\n<meta name=\"twitter:label1\" content=\"Becs\u00fclt olvas\u00e1si id\u0151\" \/>\n\t<meta name=\"twitter:data1\" content=\"1 perc\" \/>\n<script type=\"application\/ld+json\" class=\"yoast-schema-graph\">{\"@context\":\"https:\/\/schema.org\",\"@graph\":[{\"@type\":\"WebPage\",\"@id\":\"https:\/\/kiandra.hu\/targonca\/ajanlatkeres\/\",\"url\":\"https:\/\/kiandra.hu\/targonca\/ajanlatkeres\/\",\"name\":\"KIANDRA targonca szerviz \u00e9s alkatr\u00e9szb\u00e1zis - Aj\u00e1nlatk\u00e9r\u00e9s\",\"isPartOf\":{\"@id\":\"https:\/\/kiandra.hu\/targonca\/#website\"},\"primaryImageOfPage\":{\"@id\":\"https:\/\/kiandra.hu\/targonca\/ajanlatkeres\/#primaryimage\"},\"image\":{\"@id\":\"https:\/\/kiandra.hu\/targonca\/ajanlatkeres\/#primaryimage\"},\"thumbnailUrl\":\"http:\/\/www.kiandra.hu\/targonca\/wp-content\/uploads\/2016\/09\/kiandra_logo_small_white-150x91.png\",\"datePublished\":\"2016-09-23T23:52:58+00:00\",\"dateModified\":\"2025-05-19T11:13:06+00:00\",\"description\":\"Napok \u00f3ta \u00e1ll a targonc\u00e1ja? Megjav\u00edtjuk! Esetleg csak alkatr\u00e9szre lenne sz\u00fcks\u00e9ge? Keresse a Kiandr\u00e1t. B\u00e9relne is egyet, hogy p\u00f3tolja a lemarad\u00e1st? H\u00edvjon!\",\"breadcrumb\":{\"@id\":\"https:\/\/kiandra.hu\/targonca\/ajanlatkeres\/#breadcrumb\"},\"inLanguage\":\"hu\",\"potentialAction\":[{\"@type\":\"ReadAction\",\"target\":[\"https:\/\/kiandra.hu\/targonca\/ajanlatkeres\/\"]}]},{\"@type\":\"ImageObject\",\"inLanguage\":\"hu\",\"@id\":\"https:\/\/kiandra.hu\/targonca\/ajanlatkeres\/#primaryimage\",\"url\":\"http:\/\/www.kiandra.hu\/targonca\/wp-content\/uploads\/2016\/09\/kiandra_logo_small_white-150x91.png\",\"contentUrl\":\"http:\/\/www.kiandra.hu\/targonca\/wp-content\/uploads\/2016\/09\/kiandra_logo_small_white-150x91.png\"},{\"@type\":\"BreadcrumbList\",\"@id\":\"https:\/\/kiandra.hu\/targonca\/ajanlatkeres\/#breadcrumb\",\"itemListElement\":[{\"@type\":\"ListItem\",\"position\":1,\"name\":\"F\u0151oldal\",\"item\":\"https:\/\/kiandra.hu\/targonca\/\"},{\"@type\":\"ListItem\",\"position\":2,\"name\":\"F\u0151oldal\"}]},{\"@type\":\"WebSite\",\"@id\":\"https:\/\/kiandra.hu\/targonca\/#website\",\"url\":\"https:\/\/kiandra.hu\/targonca\/\",\"name\":\"KIANDRA\",\"description\":\"Targonca b\u00e9rl\u00e9s, szerviz, alkatr\u00e9szb\u00e1zis\",\"publisher\":{\"@id\":\"https:\/\/kiandra.hu\/targonca\/#organization\"},\"potentialAction\":[{\"@type\":\"SearchAction\",\"target\":{\"@type\":\"EntryPoint\",\"urlTemplate\":\"https:\/\/kiandra.hu\/targonca\/?s={search_term_string}\"},\"query-input\":{\"@type\":\"PropertyValueSpecification\",\"valueRequired\":true,\"valueName\":\"search_term_string\"}}],\"inLanguage\":\"hu\"},{\"@type\":\"Organization\",\"@id\":\"https:\/\/kiandra.hu\/targonca\/#organization\",\"name\":\"Kiandra Targo Kft.\",\"url\":\"https:\/\/kiandra.hu\/targonca\/\",\"logo\":{\"@type\":\"ImageObject\",\"inLanguage\":\"hu\",\"@id\":\"https:\/\/kiandra.hu\/targonca\/#\/schema\/logo\/image\/\",\"url\":\"https:\/\/kiandra.hu\/targonca\/wp-content\/uploads\/2016\/09\/kiandra_logo_big.png\",\"contentUrl\":\"https:\/\/kiandra.hu\/targonca\/wp-content\/uploads\/2016\/09\/kiandra_logo_big.png\",\"width\":701,\"height\":397,\"caption\":\"Kiandra Targo Kft.\"},\"image\":{\"@id\":\"https:\/\/kiandra.hu\/targonca\/#\/schema\/logo\/image\/\"},\"sameAs\":[\"https:\/\/www.facebook.com\/profile.php?id=100068873117705\",\"https:\/\/www.instagram.com\/kiandra_targo\/\",\"https:\/\/www.youtube.com\/@kiandratargokft\"]}]}<\/script>\n<!-- \/ Yoast SEO plugin. -->","yoast_head_json":{"title":"KIANDRA targonca szerviz \u00e9s alkatr\u00e9szb\u00e1zis - Aj\u00e1nlatk\u00e9r\u00e9s","description":"Napok \u00f3ta \u00e1ll a targonc\u00e1ja? Megjav\u00edtjuk! Esetleg csak alkatr\u00e9szre lenne sz\u00fcks\u00e9ge? Keresse a Kiandr\u00e1t. B\u00e9relne is egyet, hogy p\u00f3tolja a lemarad\u00e1st? H\u00edvjon!","robots":{"index":"index","follow":"follow","max-snippet":"max-snippet:-1","max-image-preview":"max-image-preview:large","max-video-preview":"max-video-preview:-1"},"canonical":"https:\/\/kiandra.hu\/targonca\/ajanlatkeres\/","og_locale":"hu_HU","og_type":"article","og_title":"KIANDRA targonca szerviz \u00e9s alkatr\u00e9szb\u00e1zis - Aj\u00e1nlatk\u00e9r\u00e9s","og_description":"Napok \u00f3ta \u00e1ll a targonc\u00e1ja? Megjav\u00edtjuk! Esetleg csak alkatr\u00e9szre lenne sz\u00fcks\u00e9ge? Keresse a Kiandr\u00e1t. B\u00e9relne is egyet, hogy p\u00f3tolja a lemarad\u00e1st? H\u00edvjon!","og_url":"https:\/\/kiandra.hu\/targonca\/ajanlatkeres\/","og_site_name":"KIANDRA","article_publisher":"https:\/\/www.facebook.com\/profile.php?id=100068873117705","article_modified_time":"2025-05-19T11:13:06+00:00","og_image":[{"width":184,"height":91,"url":"https:\/\/kiandra.hu\/targonca\/wp-content\/uploads\/2016\/09\/kiandra_logo_small_white.png","type":"image\/png"}],"twitter_card":"summary_large_image","twitter_misc":{"Becs\u00fclt olvas\u00e1si id\u0151":"1 perc"},"schema":{"@context":"https:\/\/schema.org","@graph":[{"@type":"WebPage","@id":"https:\/\/kiandra.hu\/targonca\/ajanlatkeres\/","url":"https:\/\/kiandra.hu\/targonca\/ajanlatkeres\/","name":"KIANDRA targonca szerviz \u00e9s alkatr\u00e9szb\u00e1zis - Aj\u00e1nlatk\u00e9r\u00e9s","isPartOf":{"@id":"https:\/\/kiandra.hu\/targonca\/#website"},"primaryImageOfPage":{"@id":"https:\/\/kiandra.hu\/targonca\/ajanlatkeres\/#primaryimage"},"image":{"@id":"https:\/\/kiandra.hu\/targonca\/ajanlatkeres\/#primaryimage"},"thumbnailUrl":"http:\/\/www.kiandra.hu\/targonca\/wp-content\/uploads\/2016\/09\/kiandra_logo_small_white-150x91.png","datePublished":"2016-09-23T23:52:58+00:00","dateModified":"2025-05-19T11:13:06+00:00","description":"Napok \u00f3ta \u00e1ll a targonc\u00e1ja? Megjav\u00edtjuk! Esetleg csak alkatr\u00e9szre lenne sz\u00fcks\u00e9ge? Keresse a Kiandr\u00e1t. B\u00e9relne is egyet, hogy p\u00f3tolja a lemarad\u00e1st? H\u00edvjon!","breadcrumb":{"@id":"https:\/\/kiandra.hu\/targonca\/ajanlatkeres\/#breadcrumb"},"inLanguage":"hu","potentialAction":[{"@type":"ReadAction","target":["https:\/\/kiandra.hu\/targonca\/ajanlatkeres\/"]}]},{"@type":"ImageObject","inLanguage":"hu","@id":"https:\/\/kiandra.hu\/targonca\/ajanlatkeres\/#primaryimage","url":"http:\/\/www.kiandra.hu\/targonca\/wp-content\/uploads\/2016\/09\/kiandra_logo_small_white-150x91.png","contentUrl":"http:\/\/www.kiandra.hu\/targonca\/wp-content\/uploads\/2016\/09\/kiandra_logo_small_white-150x91.png"},{"@type":"BreadcrumbList","@id":"https:\/\/kiandra.hu\/targonca\/ajanlatkeres\/#breadcrumb","itemListElement":[{"@type":"ListItem","position":1,"name":"F\u0151oldal","item":"https:\/\/kiandra.hu\/targonca\/"},{"@type":"ListItem","position":2,"name":"F\u0151oldal"}]},{"@type":"WebSite","@id":"https:\/\/kiandra.hu\/targonca\/#website","url":"https:\/\/kiandra.hu\/targonca\/","name":"KIANDRA","description":"Targonca b\u00e9rl\u00e9s, szerviz, alkatr\u00e9szb\u00e1zis","publisher":{"@id":"https:\/\/kiandra.hu\/targonca\/#organization"},"potentialAction":[{"@type":"SearchAction","target":{"@type":"EntryPoint","urlTemplate":"https:\/\/kiandra.hu\/targonca\/?s={search_term_string}"},"query-input":{"@type":"PropertyValueSpecification","valueRequired":true,"valueName":"search_term_string"}}],"inLanguage":"hu"},{"@type":"Organization","@id":"https:\/\/kiandra.hu\/targonca\/#organization","name":"Kiandra Targo Kft.","url":"https:\/\/kiandra.hu\/targonca\/","logo":{"@type":"ImageObject","inLanguage":"hu","@id":"https:\/\/kiandra.hu\/targonca\/#\/schema\/logo\/image\/","url":"https:\/\/kiandra.hu\/targonca\/wp-content\/uploads\/2016\/09\/kiandra_logo_big.png","contentUrl":"https:\/\/kiandra.hu\/targonca\/wp-content\/uploads\/2016\/09\/kiandra_logo_big.png","width":701,"height":397,"caption":"Kiandra Targo Kft."},"image":{"@id":"https:\/\/kiandra.hu\/targonca\/#\/schema\/logo\/image\/"},"sameAs":["https:\/\/www.facebook.com\/profile.php?id=100068873117705","https:\/\/www.instagram.com\/kiandra_targo\/","https:\/\/www.youtube.com\/@kiandratargokft"]}]}},"_links":{"self":[{"href":"https:\/\/kiandra.hu\/targonca\/wp-json\/wp\/v2\/pages\/30983","targetHints":{"allow":["GET"]}}],"collection":[{"href":"https:\/\/kiandra.hu\/targonca\/wp-json\/wp\/v2\/pages"}],"about":[{"href":"https:\/\/kiandra.hu\/targonca\/wp-json\/wp\/v2\/types\/page"}],"author":[{"embeddable":true,"href":"https:\/\/kiandra.hu\/targonca\/wp-json\/wp\/v2\/users\/1"}],"replies":[{"embeddable":true,"href":"https:\/\/kiandra.hu\/targonca\/wp-json\/wp\/v2\/comments?post=30983"}],"version-history":[{"count":35,"href":"https:\/\/kiandra.hu\/targonca\/wp-json\/wp\/v2\/pages\/30983\/revisions"}],"predecessor-version":[{"id":31931,"href":"https:\/\/kiandra.hu\/targonca\/wp-json\/wp\/v2\/pages\/30983\/revisions\/31931"}],"wp:attachment":[{"href":"https:\/\/kiandra.hu\/targonca\/wp-json\/wp\/v2\/media?parent=30983"}],"curies":[{"name":"wp","href":"https:\/\/api.w.org\/{rel}","templated":true}]}}